{"id":16,"date":"2016-12-29T20:06:10","date_gmt":"2016-12-29T19:06:10","guid":{"rendered":"http:\/\/www.stb-translations.com\/STB-Translations\/?page_id=16"},"modified":"2017-04-06T22:09:21","modified_gmt":"2017-04-06T20:09:21","slug":"preise","status":"publish","type":"page","link":"https:\/\/www.stb-translations.com\/es\/preise\/","title":{"rendered":"Precios"},"content":{"rendered":"<p>Mis precios var\u00edan seg\u00fan el tipo de texto, grado de dificultad, volumen y fecha de entrega. Solicite una cotizaci\u00f3n personalizada y totalmente <strong>gratuita<\/strong>. Env\u00edeme el texto original preferentemente en formato digital (PDF, DOCX o DOC), el idioma en que se va a traducir y fecha de entrega deseada.<\/p>\n<p>&nbsp;<\/p>\n<p>Para m\u00e1s informaci\u00f3n o consultas, no dude en contactarme directamente al <a href=\"emailhandler.php\">correo electr\u00f3nico<\/a> o d\u00e9jeme un mensaje en el <a href=\"https:\/\/www.stb-translations.com\/php\/kontakt_es.php\">formulario de contacto<\/a> y me comunicar\u00e9 con Ud. lo antes posible.<\/p>\n","protected":false},"excerpt":{"rendered":"<p>Mis precios var\u00edan seg\u00fan el tipo de texto, grado de dificultad, volumen y fecha de entrega. Solicite una cotizaci\u00f3n personalizada y totalmente gratuita. Env\u00edeme el texto original preferentemente en formato digital (PDF, DOCX o DOC), el idioma en que se<\/p>\n","protected":false},"author":1,"featured_media":0,"parent":0,"menu_order":0,"comment_status":"closed","ping_status":"closed","template":"","meta":{"footnotes":""},"class_list":["post-16","page","type-page","status-publish","hentry"],"translation":{"provider":"WPGlobus","version":"2.12.2","language":"es","enabled_languages":["de","es"],"languages":{"de":{"title":true,"content":true,"excerpt":false},"es":{"title":true,"content":true,"excerpt":false}}},"_links":{"self":[{"href":"https:\/\/www.stb-translations.com\/es\/wp-json\/wp\/v2\/pages\/16","targetHints":{"allow":["GET"]}}],"collection":[{"href":"https:\/\/www.stb-translations.com\/es\/wp-json\/wp\/v2\/pages"}],"about":[{"href":"https:\/\/www.stb-translations.com\/es\/wp-json\/wp\/v2\/types\/page"}],"author":[{"embeddable":true,"href":"https:\/\/www.stb-translations.com\/es\/wp-json\/wp\/v2\/users\/1"}],"replies":[{"embeddable":true,"href":"https:\/\/www.stb-translations.com\/es\/wp-json\/wp\/v2\/comments?post=16"}],"version-history":[{"count":24,"href":"https:\/\/www.stb-translations.com\/es\/wp-json\/wp\/v2\/pages\/16\/revisions"}],"predecessor-version":[{"id":182,"href":"https:\/\/www.stb-translations.com\/es\/wp-json\/wp\/v2\/pages\/16\/revisions\/182"}],"wp:attachment":[{"href":"https:\/\/www.stb-translations.com\/es\/wp-json\/wp\/v2\/media?parent=16"}],"curies":[{"name":"wp","href":"https:\/\/api.w.org\/{rel}","templated":true}]}}