{"id":20,"date":"2016-12-29T20:15:59","date_gmt":"2016-12-29T19:15:59","guid":{"rendered":"http:\/\/www.stb-translations.com\/STB-Translations\/?page_id=20"},"modified":"2017-02-12T18:11:31","modified_gmt":"2017-02-12T17:11:31","slug":"uebersetzungen","status":"publish","type":"page","link":"https:\/\/www.stb-translations.com\/es\/uebersetzungen\/","title":{"rendered":"Traducciones"},"content":{"rendered":"<ul>\n<li>textos generales,<\/li>\n<li>textos t\u00e9cnicos,<\/li>\n<li>textos financieros y econ\u00f3micos,<\/li>\n<li>textos jur\u00eddicos,<\/li>\n<li>p\u00e1ginas web, entre otros.<\/li>\n<\/ul>\n","protected":false},"excerpt":{"rendered":"<p>textos generales, textos t\u00e9cnicos, textos financieros y econ\u00f3micos, textos jur\u00eddicos, p\u00e1ginas web, entre otros.<\/p>\n","protected":false},"author":1,"featured_media":0,"parent":0,"menu_order":0,"comment_status":"closed","ping_status":"closed","template":"","meta":{"footnotes":""},"class_list":["post-20","page","type-page","status-publish","hentry"],"translation":{"provider":"WPGlobus","version":"2.12.2","language":"es","enabled_languages":["de","es"],"languages":{"de":{"title":true,"content":true,"excerpt":false},"es":{"title":true,"content":true,"excerpt":false}}},"_links":{"self":[{"href":"https:\/\/www.stb-translations.com\/es\/wp-json\/wp\/v2\/pages\/20","targetHints":{"allow":["GET"]}}],"collection":[{"href":"https:\/\/www.stb-translations.com\/es\/wp-json\/wp\/v2\/pages"}],"about":[{"href":"https:\/\/www.stb-translations.com\/es\/wp-json\/wp\/v2\/types\/page"}],"author":[{"embeddable":true,"href":"https:\/\/www.stb-translations.com\/es\/wp-json\/wp\/v2\/users\/1"}],"replies":[{"embeddable":true,"href":"https:\/\/www.stb-translations.com\/es\/wp-json\/wp\/v2\/comments?post=20"}],"version-history":[{"count":6,"href":"https:\/\/www.stb-translations.com\/es\/wp-json\/wp\/v2\/pages\/20\/revisions"}],"predecessor-version":[{"id":92,"href":"https:\/\/www.stb-translations.com\/es\/wp-json\/wp\/v2\/pages\/20\/revisions\/92"}],"wp:attachment":[{"href":"https:\/\/www.stb-translations.com\/es\/wp-json\/wp\/v2\/media?parent=20"}],"curies":[{"name":"wp","href":"https:\/\/api.w.org\/{rel}","templated":true}]}}